{"id":406,"date":"2016-09-27T09:51:22","date_gmt":"2016-09-27T07:51:22","guid":{"rendered":"http:\/\/fitness2.mythemecloud.io\/?page_id=406"},"modified":"2026-02-19T12:29:38","modified_gmt":"2026-02-19T11:29:38","slug":"club","status":"publish","type":"page","link":"https:\/\/cyclosaintbenoit86.fr\/index.php\/club\/","title":{"rendered":"Le Club Cyclo St Benoit"},"content":{"rendered":"\t\t<div data-elementor-type=\"wp-post\" data-elementor-id=\"406\" class=\"elementor elementor-406\">\n\t\t\t\t\t\t<section class=\"elementor-section elementor-top-section elementor-element elementor-element-37d04473 elementor-section-boxed elementor-section-height-default elementor-section-height-default\" data-id=\"37d04473\" data-element_type=\"section\">\n\t\t\t\t\t\t<div class=\"elementor-container elementor-column-gap-default\">\n\t\t\t\t\t<div class=\"elementor-column elementor-col-100 elementor-top-column elementor-element elementor-element-7fd4b9d8\" data-id=\"7fd4b9d8\" data-element_type=\"column\">\n\t\t\t<div class=\"elementor-widget-wrap elementor-element-populated\">\n\t\t\t\t\t\t<div class=\"elementor-element elementor-element-48fe85c3 elementor-widget elementor-widget-text-editor\" data-id=\"48fe85c3\" data-element_type=\"widget\" data-widget_type=\"text-editor.default\">\n\t\t\t\t<div class=\"elementor-widget-container\">\n\t\t\t\t\t\t\t\t\t<p><style><span style=\"display: inline-block; width: 0px; overflow: hidden; line-height: 0;\" data-mce-type=\"bookmark\" class=\"mce_SELRES_start\">\ufeff<\/span><span style=\"display: inline-block; width: 0px; overflow: hidden; line-height: 0;\" data-mce-type=\"bookmark\" class=\"mce_SELRES_start\">\ufeff<\/span>\/*! elementor - v3.18.0 - 20-12-2023 *\/<br \/>.elementor-toggle{text-align:left}.elementor-toggle .elementor-tab-title{font-weight:700;line-height:1;margin:0;padding:15px;border-bottom:1px solid #d5d8dc;cursor:pointer;outline:none}.elementor-toggle .elementor-tab-title .elementor-toggle-icon{display:inline-block;width:1em}.elementor-toggle .elementor-tab-title .elementor-toggle-icon svg{margin-inline-start:-5px;width:1em;height:1em}.elementor-toggle .elementor-tab-title .elementor-toggle-icon.elementor-toggle-icon-right{float:right;text-align:right}.elementor-toggle .elementor-tab-title .elementor-toggle-icon.elementor-toggle-icon-left{float:left;text-align:left}.elementor-toggle .elementor-tab-title .elementor-toggle-icon .elementor-toggle-icon-closed{display:block}.elementor-toggle .elementor-tab-title .elementor-toggle-icon .elementor-toggle-icon-opened{display:none}.elementor-toggle .elementor-tab-title.elementor-active{border-bottom:none}.elementor-toggle .elementor-tab-title.elementor-active .elementor-toggle-icon-closed{display:none}.elementor-toggle .elementor-tab-title.elementor-active .elementor-toggle-icon-opened{display:block}.elementor-toggle .elementor-tab-content{padding:15px;border-bottom:1px solid #d5d8dc;display:none}@media (max-width:767px){.elementor-toggle .elementor-tab-title{padding:12px}.elementor-toggle .elementor-tab-content{padding:12px 10px}}.e-con-inner>.elementor-widget-toggle,.e-con>.elementor-widget-toggle{width:var(--container-widget-width);--flex-grow:var(--container-widget-flex-grow)}<\/style><\/p><p><a tabindex=\"0\">Une identit\u00e9<\/a><\/p><p>Cr\u00e9\u00e9e fin 1976 notre association a r\u00e9ellement pris son envol lors de la saison 1977.<\/p><p>Rattach\u00e9 \u00e0 la f\u00e9d\u00e9ration fran\u00e7aise de cyclotourisme FFV\u00e9lo, le club propose des activit\u00e9s v\u00e9lo de route et VTT. Il compte actuellement une centaine de membres.<\/p><p>Nous pratiquons le v\u00e9lo dans l\u2019esprit du cyclotourisme avant tout mais pas que\u2026<\/p><p><a tabindex=\"0\">Gravel<\/a><\/p><p>Sorties Gravel tous les samedis matins.<\/p><p><a tabindex=\"0\">Route<\/a><\/p><p>Au gr\u00e9 de nos sorties nous nous partageons en trois groupes suivant la forme et les objectifs de chacun, ce qui est l\u2019assurance de ne pas se retrouver seul sur la route :<\/p><p>\u2013 Le Groupe 1 : \u00ab Les Cyclo Sportifs \u00bb optent le plus souvent pour les circuits longs, certains\u00a0 \u00a0 \u00a0 \u00a0 \u00a0 \u00a0 \u00a0 \u00a0 \u00a0 \u00a0 \u00a0 \u00a0 \u00a0 \u00a0 \u00a0pr\u00e9parant des challenges sportifs : moyenne 28-30 km\/h.<br \/>\u2013 Le Groupe 2 : \u00abLes Cyclo Fondeurs \u00bb pr\u00e9f\u00e8rent adopter une allure moins soutenue :\u00a0 \u00a0 \u00a0 \u00a0 \u00a0 \u00a0 \u00a0 \u00a0 \u00a0 \u00a0 \u00a0 \u00a0 \u00a0 \u00a0 \u00a0 \u00a0 \u00a0 \u00a0 \u00a0 \u00a0moyenne 26-28 km\/h.<br \/>\u2013 Le Groupe 3 : \u00abLes Cyclo Randonneurs \u00bb appr\u00e9cient les courtes distances pour leur simple\u00a0 \u00a0 \u00a0 \u00a0 \u00a0 \u00a0 \u00a0 \u00a0 \u00a0 \u00a0 \u00a0 \u00a0 \u00a0 \u00a0 \u00a0 plaisir, moyennes 20-24 km\/h.<\/p><p><a tabindex=\"0\">VTT<\/a><\/p><p>La section VTT, b\u00e2tie autour d\u2019un petit groupe de passionn\u00e9s, offre la possibilit\u00e9 de parcourir des itin\u00e9raires vari\u00e9s et en pleine nature \u00e0 partir de St Benoit, en alternance \u00a0avec les randonn\u00e9es VTT propos\u00e9es par les clubs voisins. C\u2019est une activit\u00e9 occasionnelle et compl\u00e9mentaire au v\u00e9lo de route, pratiqu\u00e9e tous les dimanches\u00a0 matins et certains jours f\u00e9ri\u00e9s.<\/p><p><style>\/*! elementor - v3.18.0 - 20-12-2023 *\/<br \/>.elementor-widget-image-carousel .swiper,.elementor-widget-image-carousel .swiper-container{position:static}.elementor-widget-image-carousel .swiper-container .swiper-slide figure,.elementor-widget-image-carousel .swiper .swiper-slide figure{line-height:inherit}.elementor-widget-image-carousel .swiper-slide{text-align:center}.elementor-image-carousel-wrapper:not(.swiper-container-initialized):not(.swiper-initialized) .swiper-slide{max-width:calc(100% \/ var(--e-image-carousel-slides-to-show, 3))}<\/style><\/p><figure><img decoding=\"async\" class=\"alignnone  wp-image-4941\" src=\"https:\/\/cyclosaintbenoit86.fr\/wp-content\/uploads\/2026\/02\/patrick_nuer.gif\" alt=\"\" width=\"146\" height=\"150\" \/><br \/><figcaption>Patrick Nuer (Pr\u00e9sident)<\/figcaption><\/figure><figure><img decoding=\"async\" src=\"https:\/\/cyclosaintbenoit86.fr\/wp-content\/uploads\/2024\/01\/Savin-1-150x150.jpg\" alt=\"R\u00e9my Savin (Vice Pr\u00e9sident)\" \/><p>\u00a0<\/p><figcaption>R\u00e9my Savin (Vice Pr\u00e9sident)<\/figcaption><\/figure><figure><img decoding=\"async\" src=\"https:\/\/cyclosaintbenoit86.fr\/wp-content\/uploads\/2023\/04\/Leroux-Francis-150x150.webp\" alt=\"Francis Leroux (Secr\u00e9taire)\" \/><p>\u00a0<\/p><figcaption>Francis Leroux (Secr\u00e9taire)<\/figcaption><\/figure><figure><img decoding=\"async\" src=\"https:\/\/cyclosaintbenoit86.fr\/wp-content\/uploads\/2023\/04\/Bernier-Jean-Yves-150x150.webp\" alt=\"Jean-Yves Bernier (Tr\u00e9sorier)\" \/><p>\u00a0<\/p><figcaption>Jean-Yves Bernier (Tr\u00e9sorier)<\/figcaption><\/figure><figure><img decoding=\"async\" src=\"https:\/\/cyclosaintbenoit86.fr\/wp-content\/uploads\/2023\/04\/Chantant-Philippe-150x150.webp\" alt=\"Philippe Chantant (D\u00e9l\u00e9gu\u00e9 S\u00e9curit\u00e9)\" \/><p>\u00a0<\/p><figcaption>Philippe Chantant (D\u00e9l\u00e9gu\u00e9 S\u00e9curit\u00e9)<\/figcaption><\/figure><h2>Le bureau<\/h2><p><style>\/*! elementor - v3.18.0 - 20-12-2023 *\/<br \/>.elementor-heading-title{padding:0;margin:0;line-height:1}.elementor-widget-heading .elementor-heading-title[class*=elementor-size-]>a{color:inherit;font-size:inherit;line-height:inherit}.elementor-widget-heading .elementor-heading-title.elementor-size-small{font-size:15px}.elementor-widget-heading .elementor-heading-title.elementor-size-medium{font-size:19px}.elementor-widget-heading .elementor-heading-title.elementor-size-large{font-size:29px}.elementor-widget-heading .elementor-heading-title.elementor-size-xl{font-size:39px}.elementor-widget-heading .elementor-heading-title.elementor-size-xxl{font-size:59px}<\/style><\/p><h2>Bienvenue au Cyclo St Benoit<\/h2><p><style>\/*! elementor - v3.18.0 - 20-12-2023 *\/<br \/>.elementor-widget-divider{--divider-border-style:none;--divider-border-width:1px;--divider-color:#0c0d0e;--divider-icon-size:20px;--divider-element-spacing:10px;--divider-pattern-height:24px;--divider-pattern-size:20px;--divider-pattern-url:none;--divider-pattern-repeat:repeat-x}.elementor-widget-divider .elementor-divider{display:flex}.elementor-widget-divider .elementor-divider__text{font-size:15px;line-height:1;max-width:95%}.elementor-widget-divider .elementor-divider__element{margin:0 var(--divider-element-spacing);flex-shrink:0}.elementor-widget-divider .elementor-icon{font-size:var(--divider-icon-size)}.elementor-widget-divider .elementor-divider-separator{display:flex;margin:0;direction:ltr}.elementor-widget-divider--view-line_icon .elementor-divider-separator,.elementor-widget-divider--view-line_text .elementor-divider-separator{align-items:center}.elementor-widget-divider--view-line_icon .elementor-divider-separator:after,.elementor-widget-divider--view-line_icon .elementor-divider-separator:before,.elementor-widget-divider--view-line_text .elementor-divider-separator:after,.elementor-widget-divider--view-line_text .elementor-divider-separator:before{display:block;content:\"\";border-bottom:0;flex-grow:1;border-top:var(--divider-border-width) var(--divider-border-style) var(--divider-color)}.elementor-widget-divider--element-align-left .elementor-divider .elementor-divider-separator>.elementor-divider__svg:first-of-type{flex-grow:0;flex-shrink:100}.elementor-widget-divider--element-align-left .elementor-divider-separator:before{content:none}.elementor-widget-divider--element-align-left .elementor-divider__element{margin-left:0}.elementor-widget-divider--element-align-right .elementor-divider .elementor-divider-separator>.elementor-divider__svg:last-of-type{flex-grow:0;flex-shrink:100}.elementor-widget-divider--element-align-right .elementor-divider-separator:after{content:none}.elementor-widget-divider--element-align-right .elementor-divider__element{margin-right:0}.elementor-widget-divider:not(.elementor-widget-divider--view-line_text):not(.elementor-widget-divider--view-line_icon) .elementor-divider-separator{border-top:var(--divider-border-width) var(--divider-border-style) var(--divider-color)}.elementor-widget-divider--separator-type-pattern{--divider-border-style:none}.elementor-widget-divider--separator-type-pattern.elementor-widget-divider--view-line .elementor-divider-separator,.elementor-widget-divider--separator-type-pattern:not(.elementor-widget-divider--view-line) .elementor-divider-separator:after,.elementor-widget-divider--separator-type-pattern:not(.elementor-widget-divider--view-line) .elementor-divider-separator:before,.elementor-widget-divider--separator-type-pattern:not([class*=elementor-widget-divider--view]) .elementor-divider-separator{width:100%;min-height:var(--divider-pattern-height);-webkit-mask-size:var(--divider-pattern-size) 100%;mask-size:var(--divider-pattern-size) 100%;-webkit-mask-repeat:var(--divider-pattern-repeat);mask-repeat:var(--divider-pattern-repeat);background-color:var(--divider-color);-webkit-mask-image:var(--divider-pattern-url);mask-image:var(--divider-pattern-url)}.elementor-widget-divider--no-spacing{--divider-pattern-size:auto}.elementor-widget-divider--bg-round{--divider-pattern-repeat:round}.rtl .elementor-widget-divider .elementor-divider__text{direction:rtl}.e-con-inner>.elementor-widget-divider,.e-con>.elementor-widget-divider{width:var(--container-widget-width,100%);--flex-grow:var(--container-widget-flex-grow)}<\/style><\/p><figure><img decoding=\"async\" src=\"https:\/\/cyclosaintbenoit86.fr\/wp-content\/uploads\/2023\/05\/Sorties_JPG.webp\" alt=\"Sorties_JPG\" \/><\/figure><figure><img decoding=\"async\" src=\"https:\/\/cyclosaintbenoit86.fr\/wp-content\/uploads\/2023\/05\/59ed24_d86d1e739bf74a958e124b66a5714a5bmv2.jpg\" alt=\"59ed24_d86d1e739bf74a958e124b66a5714a5b~mv2\" \/><\/figure><figure><img decoding=\"async\" src=\"https:\/\/cyclosaintbenoit86.fr\/wp-content\/uploads\/2023\/05\/59ed24_4ecef0a6f9a04db19a35129d99f89eb5mv2.jpg\" alt=\"59ed24_4ecef0a6f9a04db19a35129d99f89eb5~mv2\" \/><\/figure>\t\t\t\t\t\t\t\t<\/div>\n\t\t\t\t<\/div>\n\t\t\t\t\t<\/div>\n\t\t<\/div>\n\t\t\t\t\t<\/div>\n\t\t<\/section>\n\t\t\t\t<\/div>\n\t\t","protected":false},"excerpt":{"rendered":"<p>Une identit\u00e9 Cr\u00e9\u00e9e fin 1976 notre association a r\u00e9ellement pris son envol lors de la saison 1977. Rattach\u00e9 \u00e0 la f\u00e9d\u00e9ration fran\u00e7aise de cyclotourisme FFV\u00e9lo, le club propose des activit\u00e9s v\u00e9lo de route et VTT. Il compte actuellement une centaine de membres. Nous pratiquons le v\u00e9lo dans l\u2019esprit du cyclotourisme avant tout mais pas que\u2026 [&hellip;]<\/p>\n","protected":false},"author":1,"featured_media":0,"parent":0,"menu_order":0,"comment_status":"closed","ping_status":"closed","template":"","meta":{"ocean_post_layout":"right-sidebar","ocean_both_sidebars_style":"","ocean_both_sidebars_content_width":0,"ocean_both_sidebars_sidebars_width":0,"ocean_sidebar":"sidebar","ocean_second_sidebar":"sidebar-2","ocean_disable_margins":"enable","ocean_add_body_class":"","ocean_shortcode_before_top_bar":"","ocean_shortcode_after_top_bar":"","ocean_shortcode_before_header":"","ocean_shortcode_after_header":"","ocean_has_shortcode":"","ocean_shortcode_after_title":"","ocean_shortcode_before_footer_widgets":"","ocean_shortcode_after_footer_widgets":"","ocean_shortcode_before_footer_bottom":"","ocean_shortcode_after_footer_bottom":"","ocean_display_top_bar":"default","ocean_display_header":"default","ocean_header_style":"","ocean_center_header_left_menu":"0","ocean_custom_header_template":"0","ocean_custom_logo":0,"ocean_custom_retina_logo":0,"ocean_custom_logo_max_width":0,"ocean_custom_logo_tablet_max_width":0,"ocean_custom_logo_mobile_max_width":0,"ocean_custom_logo_max_height":0,"ocean_custom_logo_tablet_max_height":0,"ocean_custom_logo_mobile_max_height":0,"ocean_header_custom_menu":"0","ocean_menu_typo_font_family":"0","ocean_menu_typo_font_subset":"","ocean_menu_typo_font_size":0,"ocean_menu_typo_font_size_tablet":0,"ocean_menu_typo_font_size_mobile":0,"ocean_menu_typo_font_size_unit":"px","ocean_menu_typo_font_weight":"","ocean_menu_typo_font_weight_tablet":"","ocean_menu_typo_font_weight_mobile":"","ocean_menu_typo_transform":"","ocean_menu_typo_transform_tablet":"","ocean_menu_typo_transform_mobile":"","ocean_menu_typo_line_height":0,"ocean_menu_typo_line_height_tablet":0,"ocean_menu_typo_line_height_mobile":0,"ocean_menu_typo_line_height_unit":"","ocean_menu_typo_spacing":0,"ocean_menu_typo_spacing_tablet":0,"ocean_menu_typo_spacing_mobile":0,"ocean_menu_typo_spacing_unit":"","ocean_menu_link_color":"","ocean_menu_link_color_hover":"","ocean_menu_link_color_active":"","ocean_menu_link_background":"","ocean_menu_link_hover_background":"","ocean_menu_link_active_background":"","ocean_menu_social_links_bg":"","ocean_menu_social_hover_links_bg":"","ocean_menu_social_links_color":"","ocean_menu_social_hover_links_color":"","ocean_disable_title":"default","ocean_disable_heading":"default","ocean_post_title":"","ocean_post_subheading":"","ocean_post_title_style":"","ocean_post_title_background_color":"","ocean_post_title_background":0,"ocean_post_title_bg_image_position":"","ocean_post_title_bg_image_attachment":"","ocean_post_title_bg_image_repeat":"","ocean_post_title_bg_image_size":"","ocean_post_title_height":0,"ocean_post_title_bg_overlay":0.5,"ocean_post_title_bg_overlay_color":"","ocean_disable_breadcrumbs":"default","ocean_breadcrumbs_color":"","ocean_breadcrumbs_separator_color":"","ocean_breadcrumbs_links_color":"","ocean_breadcrumbs_links_hover_color":"","ocean_display_footer_widgets":"default","ocean_display_footer_bottom":"default","ocean_custom_footer_template":"0","footnotes":""},"class_list":["post-406","page","type-page","status-publish","hentry","entry"],"_links":{"self":[{"href":"https:\/\/cyclosaintbenoit86.fr\/index.php\/wp-json\/wp\/v2\/pages\/406","targetHints":{"allow":["GET"]}}],"collection":[{"href":"https:\/\/cyclosaintbenoit86.fr\/index.php\/wp-json\/wp\/v2\/pages"}],"about":[{"href":"https:\/\/cyclosaintbenoit86.fr\/index.php\/wp-json\/wp\/v2\/types\/page"}],"author":[{"embeddable":true,"href":"https:\/\/cyclosaintbenoit86.fr\/index.php\/wp-json\/wp\/v2\/users\/1"}],"replies":[{"embeddable":true,"href":"https:\/\/cyclosaintbenoit86.fr\/index.php\/wp-json\/wp\/v2\/comments?post=406"}],"version-history":[{"count":67,"href":"https:\/\/cyclosaintbenoit86.fr\/index.php\/wp-json\/wp\/v2\/pages\/406\/revisions"}],"predecessor-version":[{"id":4944,"href":"https:\/\/cyclosaintbenoit86.fr\/index.php\/wp-json\/wp\/v2\/pages\/406\/revisions\/4944"}],"wp:attachment":[{"href":"https:\/\/cyclosaintbenoit86.fr\/index.php\/wp-json\/wp\/v2\/media?parent=406"}],"curies":[{"name":"wp","href":"https:\/\/api.w.org\/{rel}","templated":true}]}}